{"id":11,"date":"2014-11-11T11:14:05","date_gmt":"2014-11-11T11:14:05","guid":{"rendered":"http:\/\/anpsthemes.com\/constructo\/?page_id=11"},"modified":"2025-05-03T01:30:30","modified_gmt":"2025-05-02T22:30:30","slug":"about-us","status":"publish","type":"page","link":"https:\/\/tezulas-berrynova.com\/","title":{"rendered":"HAKKIMIZDA"},"content":{"rendered":"<p>[vc_row][vc_column width=&#8221;1\/2&#8243;][vc_single_image image=&#8221;1086&#8243; img_size=&#8221;full&#8221; css_animation=&#8221;fadeInLeft&#8221; css=&#8221;.vc_custom_1746224751693{margin-top: 30px !important;}&#8221;][\/vc_column][vc_column width=&#8221;1\/2&#8243;][vc_empty_space height=&#8221;20px&#8221;][vc_text_separator title=&#8221;Hakk\u0131m\u0131zda&#8221; color=&#8221;black&#8221;][vc_empty_space height=&#8221;20px&#8221;][vc_column_text]Sand\u0131kl\u0131 Afyonkarahisar da bulunan teknolojik seram\u0131zda \u0130yi Tar\u0131m Uygulamalar\u0131 \u00e7er\u00e7evesinde, Jeotermal enerji kullanarak Topraks\u0131z Tar\u0131m metodu ve Bambus ar\u0131lar\u0131n\u0131n polinat\u00f6rl\u00fc\u011f\u00fcnde sizler i\u00e7in <img loading=\"lazy\" decoding=\"async\" class=\"alignnone wp-image-1086 \" src=\"https:\/\/tezulas-berrynova.com\/wp-content\/uploads\/2025\/05\/berrynova_logo_vector-300x212.png\" alt=\"\" width=\"65\" height=\"46\" srcset=\"https:\/\/tezulas-berrynova.com\/wp-content\/uploads\/2025\/05\/berrynova_logo_vector-300x212.png 300w, https:\/\/tezulas-berrynova.com\/wp-content\/uploads\/2025\/05\/berrynova_logo_vector-768x543.png 768w, https:\/\/tezulas-berrynova.com\/wp-content\/uploads\/2025\/05\/berrynova_logo_vector-370x262.png 370w, https:\/\/tezulas-berrynova.com\/wp-content\/uploads\/2025\/05\/berrynova_logo_vector-360x255.png 360w, https:\/\/tezulas-berrynova.com\/wp-content\/uploads\/2025\/05\/berrynova_logo_vector.png 1024w\" sizes=\"auto, (max-width: 65px) 100vw, 65px\" \/> markas\u0131 alt\u0131nda, Hormonsuz \u00a0b\u00f6\u011f\u00fcrtlen ve Ahududu \u00fcretimi yapmaktay\u0131z.[\/vc_column_text][\/vc_column][\/vc_row][vc_row css=&#8221;.vc_custom_1528673138891{margin-top: 30px !important;}&#8221;][vc_column width=&#8221;1\/2&#8243;][vc_text_separator title=&#8221;Vizyonumuz&#8221; color=&#8221;black&#8221;][vc_empty_space][vc_column_text css_animation=&#8221;fadeInDown&#8221;]<\/p>\n<p class=\"vc_custom_heading\"><b>BerrNova&#8217;n\u0131n<\/b>\u00a0amac\u0131 her zaman ve her yerde m\u00fc\u015fteri odakl\u0131, entegre ileti\u015fim \u00e7\u00f6z\u00fcmleri ile m\u00fc\u015fterilerine h\u0131zl\u0131, kaliteli, ekonomik hizmetler sunmakt\u0131r. Modern ve teknolojik ara\u00e7lar ile m\u00fc\u015fterilerimizi gelece\u011fe ta\u015f\u0131yan en do\u011fru adres olmay\u0131 ama\u00e7lamaktay\u0131z.<\/p>\n<p>[\/vc_column_text][\/vc_column][vc_column width=&#8221;1\/2&#8243;][vc_text_separator title=&#8221;Misyonumuz&#8221; color=&#8221;black&#8221;][vc_empty_space][vc_column_text css_animation=&#8221;fadeInDown&#8221;]Faaliyette bulundu\u011fumuz sekt\u00f6rlerde; bireye ve topluma sayg\u0131l\u0131, hukuka, ekonomik ve ahlaki ilkelere ba\u011fl\u0131, sa\u011fl\u0131k, emniyet ve \u00e7evreye duyarl\u0131 olarak m\u00fc\u015fterilerimizin beklentilerini en \u00fcst seviyede kar\u015f\u0131lamay\u0131 ama\u00e7lamaktay\u0131z.[\/vc_column_text][\/vc_column][\/vc_row]<\/p>","protected":false},"excerpt":{"rendered":"<p>[vc_row][vc_column width=&#8221;1\/2&#8243;][vc_single_image image=&#8221;1086&#8243; img_size=&#8221;full&#8221; css_animation=&#8221;fadeInLeft&#8221; css=&#8221;.vc_custom_1746224751693{margin-top: 30px !important;}&#8221;][\/vc_column][vc_column width=&#8221;1\/2&#8243;][vc_empty_space height=&#8221;20px&#8221;][vc_text_separator title=&#8221;Hakk\u0131m\u0131zda&#8221; color=&#8221;black&#8221;][vc_empty_space height=&#8221;20px&#8221;][vc_column_text]Sand\u0131kl\u0131 Afyonkarahisar da bulunan teknolojik seram\u0131zda \u0130yi Tar\u0131m Uygulamalar\u0131 \u00e7er\u00e7evesinde, Jeotermal enerji kullanarak Topraks\u0131z Tar\u0131m metodu ve Bambus ar\u0131lar\u0131n\u0131n polinat\u00f6rl\u00fc\u011f\u00fcnde sizler i\u00e7in markas\u0131 alt\u0131nda, Hormonsuz \u00a0b\u00f6\u011f\u00fcrtlen ve Ahududu&#8230;<\/p>\n","protected":false},"author":1,"featured_media":0,"parent":0,"menu_order":0,"comment_status":"open","ping_status":"open","template":"","meta":{"pgc_sgb_lightbox_settings":"","footnotes":""},"class_list":["post-11","page","type-page","status-publish","hentry"],"_links":{"self":[{"href":"https:\/\/tezulas-berrynova.com\/index.php?rest_route=\/wp\/v2\/pages\/11","targetHints":{"allow":["GET"]}}],"collection":[{"href":"https:\/\/tezulas-berrynova.com\/index.php?rest_route=\/wp\/v2\/pages"}],"about":[{"href":"https:\/\/tezulas-berrynova.com\/index.php?rest_route=\/wp\/v2\/types\/page"}],"author":[{"embeddable":true,"href":"https:\/\/tezulas-berrynova.com\/index.php?rest_route=\/wp\/v2\/users\/1"}],"replies":[{"embeddable":true,"href":"https:\/\/tezulas-berrynova.com\/index.php?rest_route=%2Fwp%2Fv2%2Fcomments&post=11"}],"version-history":[{"count":22,"href":"https:\/\/tezulas-berrynova.com\/index.php?rest_route=\/wp\/v2\/pages\/11\/revisions"}],"predecessor-version":[{"id":1133,"href":"https:\/\/tezulas-berrynova.com\/index.php?rest_route=\/wp\/v2\/pages\/11\/revisions\/1133"}],"wp:attachment":[{"href":"https:\/\/tezulas-berrynova.com\/index.php?rest_route=%2Fwp%2Fv2%2Fmedia&parent=11"}],"curies":[{"name":"wp","href":"https:\/\/api.w.org\/{rel}","templated":true}]}}