{"id":15,"date":"2014-11-11T11:14:30","date_gmt":"2014-11-11T11:14:30","guid":{"rendered":"http:\/\/anpsthemes.com\/constructo\/?page_id=15"},"modified":"2025-09-10T12:56:39","modified_gmt":"2025-09-10T09:56:39","slug":"contact-us","status":"publish","type":"page","link":"https:\/\/tezulas-berrynova.com\/?page_id=15","title":{"rendered":"\u0130LET\u0130\u015e\u0130M"},"content":{"rendered":"<p>[vc_row css=&#8221;.vc_custom_1554987094610{margin-top: 30px !important;padding-bottom: 20px !important;}&#8221;][vc_column width=&#8221;1\/2&#8243;]<h4 class='heading-content  style-1' ><span>\u0130LET\u0130\u015e\u0130M<\/span><\/h4>[vc_empty_space height=&#8221;15px&#8221;][vc_column_text css_animation=&#8221;fadeInLeft&#8221;]<\/p>\n<h3>BerryNova<\/h3>\n<h3><strong>\u00dcretim adresi: <\/strong>\u0130stasyon Mahallesi K\u00fcme Evler Mevkii No:68<\/h3>\n<h3>Sand\u0131kl\u0131\/ Afyonkarahisar\/T\u00fcrkiye<\/h3>\n<h3><strong>Gsm: <\/strong>+90 532 337 7462<\/h3>\n<h3><strong>E-mail: <\/strong><a href=\"mailto:veyis@tezulas.com\">veyis@tezulas.com<\/a><\/h3>\n<h3><strong>Merkez<\/strong><b>:<\/b> Ba\u011fdat Caddesi No : 181\/12 Kad\u0131k\u00f6y \/ \u0130stanbul \/ T\u00fcrkiye<br \/>\nPhone:\u00a0+90 216 358 21 17<br \/>\nE-mail:\u00a0eser@tezulas.com<\/h3>\n<h3><\/h3>\n<p>[\/vc_column_text][\/vc_column][vc_column width=&#8221;1\/2&#8243;][vc_column_text]<iframe loading=\"lazy\" style=\"border: 0;\" src=\"https:\/\/www.google.com\/maps\/embed?pb=!1m17!1m12!1m3!1d3124.486710839976!2d30.24790807591552!3d38.45332347182217!2m3!1f0!2f0!3f0!3m2!1i1024!2i768!4f13.1!3m2!1m1!2zMzjCsDI3JzEyLjAiTiAzMMKwMTUnMDEuNyJF!5e0!3m2!1str!2str!4v1717146808890!5m2!1str!2str\" width=\"600\" height=\"450\" allowfullscreen=\"allowfullscreen\"><\/iframe>[\/vc_column_text][\/vc_column][\/vc_row][vc_row css=&#8221;.vc_custom_1685655879756{margin-top: 35px !important;}&#8221;][vc_column][vc_single_image image=&#8221;1112&#8243; img_size=&#8221;full&#8221; alignment=&#8221;center&#8221;][\/vc_column][\/vc_row]<\/p>","protected":false},"excerpt":{"rendered":"<p>[vc_row css=&#8221;.vc_custom_1554987094610{margin-top: 30px !important;padding-bottom: 20px !important;}&#8221;][vc_column width=&#8221;1\/2&#8243;][vc_empty_space height=&#8221;15px&#8221;][vc_column_text css_animation=&#8221;fadeInLeft&#8221;] BerryNova \u00dcretim adresi: \u0130stasyon Mahallesi K\u00fcme Evler Mevkii No:68 Sand\u0131kl\u0131\/ Afyonkarahisar\/T\u00fcrkiye Gsm: +90 532 337 7462 E-mail: veyis@tezulas.com Merkez: Ba\u011fdat Caddesi No : 181\/12 Kad\u0131k\u00f6y \/ \u0130stanbul \/ T\u00fcrkiye Phone:\u00a0+90 216&#8230;<\/p>\n","protected":false},"author":1,"featured_media":0,"parent":0,"menu_order":0,"comment_status":"open","ping_status":"open","template":"","meta":{"pgc_sgb_lightbox_settings":"","footnotes":""},"class_list":["post-15","page","type-page","status-publish","hentry"],"_links":{"self":[{"href":"https:\/\/tezulas-berrynova.com\/index.php?rest_route=\/wp\/v2\/pages\/15","targetHints":{"allow":["GET"]}}],"collection":[{"href":"https:\/\/tezulas-berrynova.com\/index.php?rest_route=\/wp\/v2\/pages"}],"about":[{"href":"https:\/\/tezulas-berrynova.com\/index.php?rest_route=\/wp\/v2\/types\/page"}],"author":[{"embeddable":true,"href":"https:\/\/tezulas-berrynova.com\/index.php?rest_route=\/wp\/v2\/users\/1"}],"replies":[{"embeddable":true,"href":"https:\/\/tezulas-berrynova.com\/index.php?rest_route=%2Fwp%2Fv2%2Fcomments&post=15"}],"version-history":[{"count":21,"href":"https:\/\/tezulas-berrynova.com\/index.php?rest_route=\/wp\/v2\/pages\/15\/revisions"}],"predecessor-version":[{"id":1191,"href":"https:\/\/tezulas-berrynova.com\/index.php?rest_route=\/wp\/v2\/pages\/15\/revisions\/1191"}],"wp:attachment":[{"href":"https:\/\/tezulas-berrynova.com\/index.php?rest_route=%2Fwp%2Fv2%2Fmedia&parent=15"}],"curies":[{"name":"wp","href":"https:\/\/api.w.org\/{rel}","templated":true}]}}