{"id":879,"date":"2023-05-29T15:53:26","date_gmt":"2023-05-29T12:53:26","guid":{"rendered":"https:\/\/tezulas-berrynova.com\/?page_id=879"},"modified":"2025-07-16T13:32:27","modified_gmt":"2025-07-16T10:32:27","slug":"iyi-tarim-uygulamalari","status":"publish","type":"page","link":"https:\/\/tezulas-berrynova.com\/?page_id=879","title":{"rendered":"\u0130Y\u0130 TARIM UYGULAMALARI"},"content":{"rendered":"<p>[vc_row][vc_column width=&#8221;1\/2&#8243;][vc_single_image image=&#8221;930&#8243; img_size=&#8221;full&#8221; alignment=&#8221;center&#8221; style=&#8221;vc_box_outline&#8221; border_color=&#8221;juicy_pink&#8221; css_animation=&#8221;fadeInLeft&#8221;][\/vc_column][vc_column width=&#8221;1\/2&#8243;][vc_column_text css_animation=&#8221;fadeInRight&#8221;]<\/p>\n<h4>\u0130yi Tar\u0131m Uygulamalar\u0131 kapsam\u0131nda yapmakta oldu\u011fumuz kontroll\u00fc \u00fcretimle\u00a0 zirai ila\u00e7 kullan\u0131m\u0131n\u0131 en aza indirerek, \u00e7evre ve\u00a0 insan sa\u011fl\u0131\u011f\u0131na zarar vermeyen bir tar\u0131msal \u00fcretim ger\u00e7ekle\u015ftiriyoruz.<\/h4>\n<h4>\u00dcretim safhas\u0131nda tuttu\u011fumuz s\u00fcrekli \u00a0kay\u0131tlarla, tar\u0131mda izlenebilirli\u011fi \u00a0sa\u011fl\u0131yor \u00a0ve do\u011fal kaynaklar\u0131n korunmas\u0131na yard\u0131mc\u0131 oluyoruz .<\/h4>\n<h4>Di\u011fer taraftan siz t\u00fcketicilerimize meyvelerimizin\u00a0 kayna\u011f\u0131 konusunda ayd\u0131nlat\u0131c\u0131 bilgi aktararak \u00fcr\u00fcn\u00fcm\u00fcz\u00fc kayna\u011fa kadar takip edilebilmenizi sa\u011flamaktay\u0131z.<\/h4>\n<p>[\/vc_column_text][\/vc_column][\/vc_row]<\/p>","protected":false},"excerpt":{"rendered":"<p>[vc_row][vc_column width=&#8221;1\/2&#8243;][vc_single_image image=&#8221;930&#8243; img_size=&#8221;full&#8221; alignment=&#8221;center&#8221; style=&#8221;vc_box_outline&#8221; border_color=&#8221;juicy_pink&#8221; css_animation=&#8221;fadeInLeft&#8221;][\/vc_column][vc_column width=&#8221;1\/2&#8243;][vc_column_text css_animation=&#8221;fadeInRight&#8221;] \u0130yi Tar\u0131m Uygulamalar\u0131 kapsam\u0131nda yapmakta oldu\u011fumuz kontroll\u00fc \u00fcretimle\u00a0 zirai ila\u00e7 kullan\u0131m\u0131n\u0131 en aza indirerek, \u00e7evre ve\u00a0 insan sa\u011fl\u0131\u011f\u0131na zarar vermeyen bir tar\u0131msal \u00fcretim ger\u00e7ekle\u015ftiriyoruz. \u00dcretim safhas\u0131nda tuttu\u011fumuz s\u00fcrekli \u00a0kay\u0131tlarla, tar\u0131mda&#8230;<\/p>\n","protected":false},"author":1,"featured_media":0,"parent":0,"menu_order":0,"comment_status":"closed","ping_status":"closed","template":"","meta":{"pgc_sgb_lightbox_settings":"","footnotes":""},"class_list":["post-879","page","type-page","status-publish","hentry"],"_links":{"self":[{"href":"https:\/\/tezulas-berrynova.com\/index.php?rest_route=\/wp\/v2\/pages\/879","targetHints":{"allow":["GET"]}}],"collection":[{"href":"https:\/\/tezulas-berrynova.com\/index.php?rest_route=\/wp\/v2\/pages"}],"about":[{"href":"https:\/\/tezulas-berrynova.com\/index.php?rest_route=\/wp\/v2\/types\/page"}],"author":[{"embeddable":true,"href":"https:\/\/tezulas-berrynova.com\/index.php?rest_route=\/wp\/v2\/users\/1"}],"replies":[{"embeddable":true,"href":"https:\/\/tezulas-berrynova.com\/index.php?rest_route=%2Fwp%2Fv2%2Fcomments&post=879"}],"version-history":[{"count":13,"href":"https:\/\/tezulas-berrynova.com\/index.php?rest_route=\/wp\/v2\/pages\/879\/revisions"}],"predecessor-version":[{"id":1169,"href":"https:\/\/tezulas-berrynova.com\/index.php?rest_route=\/wp\/v2\/pages\/879\/revisions\/1169"}],"wp:attachment":[{"href":"https:\/\/tezulas-berrynova.com\/index.php?rest_route=%2Fwp%2Fv2%2Fmedia&parent=879"}],"curies":[{"name":"wp","href":"https:\/\/api.w.org\/{rel}","templated":true}]}}