{"id":880,"date":"2023-05-29T15:53:36","date_gmt":"2023-05-29T12:53:36","guid":{"rendered":"https:\/\/tezulas-berrynova.com\/?page_id=880"},"modified":"2025-07-16T15:29:33","modified_gmt":"2025-07-16T12:29:33","slug":"topraksiz-tarim","status":"publish","type":"page","link":"https:\/\/tezulas-berrynova.com\/?page_id=880","title":{"rendered":"TOPRAKSIZ TARIM"},"content":{"rendered":"<p>[vc_row][vc_column width=&#8221;1\/2&#8243;][vc_single_image image=&#8221;1093&#8243; img_size=&#8221;medium&#8221;][\/vc_column][vc_column width=&#8221;1\/2&#8243;][vc_column_text css_animation=&#8221;fadeInRight&#8221;]<\/p>\n<h4><span style=\"color: #000000;\">Seram\u0131zda uygulanan topraks\u0131z tar\u0131m y\u00f6nteminde, ham maddesi Hindistan cevizi d\u0131\u015f kabu\u011fundan elde edilen ve tamamen organik bir madde olan cocopeat kullan\u0131lmaktad\u0131r.<\/span><\/h4>\n<h4><span style=\"color: #000000;\">Olduk\u00e7a hassas ve kontroll\u00fc olan bir \u00fcretim modeli olan topraks\u0131z tar\u0131m uygulamas\u0131nda bitki k\u00f6kleri, cocopeat i\u00e7inde, direk su ile temas halinde oldu\u011fundan bitkiye sa\u011flanan ko\u015fullar \u00e7ok h\u0131zl\u0131 bir \u015fekilde etki g\u00f6stermektedir. Scada \u00a0ve pld sistemleri taraf\u0131ndan \u00a0\u00a0kontrol edilen \u00a0sera otomasyonu ortamda olu\u015fan \u0131s\u0131, nem, bitkiye aktar\u0131lan g\u00fcbre sol\u00fcsyonu vesair \u015fartlar bitki i\u00e7in en optimum seviyede ayarlanabilmektedir.<\/span><\/h4>\n<p>[\/vc_column_text][\/vc_column][\/vc_row]<\/p>","protected":false},"excerpt":{"rendered":"<p>[vc_row][vc_column width=&#8221;1\/2&#8243;][vc_single_image image=&#8221;1093&#8243; img_size=&#8221;medium&#8221;][\/vc_column][vc_column width=&#8221;1\/2&#8243;][vc_column_text css_animation=&#8221;fadeInRight&#8221;] Seram\u0131zda uygulanan topraks\u0131z tar\u0131m y\u00f6nteminde, ham maddesi Hindistan cevizi d\u0131\u015f kabu\u011fundan elde edilen ve tamamen organik bir madde olan cocopeat kullan\u0131lmaktad\u0131r. Olduk\u00e7a hassas ve kontroll\u00fc olan bir \u00fcretim modeli olan topraks\u0131z tar\u0131m uygulamas\u0131nda bitki&#8230;<\/p>\n","protected":false},"author":1,"featured_media":0,"parent":0,"menu_order":0,"comment_status":"closed","ping_status":"closed","template":"","meta":{"pgc_sgb_lightbox_settings":"","footnotes":""},"class_list":["post-880","page","type-page","status-publish","hentry"],"_links":{"self":[{"href":"https:\/\/tezulas-berrynova.com\/index.php?rest_route=\/wp\/v2\/pages\/880","targetHints":{"allow":["GET"]}}],"collection":[{"href":"https:\/\/tezulas-berrynova.com\/index.php?rest_route=\/wp\/v2\/pages"}],"about":[{"href":"https:\/\/tezulas-berrynova.com\/index.php?rest_route=\/wp\/v2\/types\/page"}],"author":[{"embeddable":true,"href":"https:\/\/tezulas-berrynova.com\/index.php?rest_route=\/wp\/v2\/users\/1"}],"replies":[{"embeddable":true,"href":"https:\/\/tezulas-berrynova.com\/index.php?rest_route=%2Fwp%2Fv2%2Fcomments&post=880"}],"version-history":[{"count":17,"href":"https:\/\/tezulas-berrynova.com\/index.php?rest_route=\/wp\/v2\/pages\/880\/revisions"}],"predecessor-version":[{"id":1179,"href":"https:\/\/tezulas-berrynova.com\/index.php?rest_route=\/wp\/v2\/pages\/880\/revisions\/1179"}],"wp:attachment":[{"href":"https:\/\/tezulas-berrynova.com\/index.php?rest_route=%2Fwp%2Fv2%2Fmedia&parent=880"}],"curies":[{"name":"wp","href":"https:\/\/api.w.org\/{rel}","templated":true}]}}