{"id":881,"date":"2023-05-29T15:54:02","date_gmt":"2023-05-29T12:54:02","guid":{"rendered":"https:\/\/tezulas-berrynova.com\/?page_id=881"},"modified":"2023-06-19T17:34:34","modified_gmt":"2023-06-19T14:34:34","slug":"jeotermal-enerji-2","status":"publish","type":"page","link":"https:\/\/tezulas-berrynova.com\/?page_id=881","title":{"rendered":"JEOTERMAL ENERJ\u0130"},"content":{"rendered":"<p>[vc_row][vc_column width=&#8221;1\/2&#8243;][vc_single_image image=&#8221;934&#8243; img_size=&#8221;full&#8221; alignment=&#8221;center&#8221; style=&#8221;vc_box_outline&#8221; border_color=&#8221;juicy_pink&#8221; css_animation=&#8221;fadeInLeft&#8221;][\/vc_column][vc_column width=&#8221;1\/2&#8243;][vc_column_text css_animation=&#8221;fadeInRight&#8221;]<\/p>\n<h4><span style=\"color: #000000;\">Seram\u0131z\u0131n \u0131s\u0131t\u0131lmas\u0131, b\u00f6lgemizde mevcut, jeotermal enerji kayna\u011f\u0131ndan sa\u011flanmaktad\u0131r. Sanjet A.\u015e taraf\u0131ndan reg\u00fcle edilip kullan\u0131m\u0131m\u0131za sunulan \u00a0bu g\u00fcvenilir, yenilenebilir,\u00e7evre dostu enerji kayna\u011f\u0131 sayesinde seram\u0131z ve civar\u0131nda karbon kirli\u011fi bulunmamaktad\u0131r.<\/span><\/h4>\n<p>[\/vc_column_text][\/vc_column][\/vc_row]<\/p>","protected":false},"excerpt":{"rendered":"<p>[vc_row][vc_column width=&#8221;1\/2&#8243;][vc_single_image image=&#8221;934&#8243; img_size=&#8221;full&#8221; alignment=&#8221;center&#8221; style=&#8221;vc_box_outline&#8221; border_color=&#8221;juicy_pink&#8221; css_animation=&#8221;fadeInLeft&#8221;][\/vc_column][vc_column width=&#8221;1\/2&#8243;][vc_column_text css_animation=&#8221;fadeInRight&#8221;] Seram\u0131z\u0131n \u0131s\u0131t\u0131lmas\u0131, b\u00f6lgemizde mevcut, jeotermal enerji kayna\u011f\u0131ndan sa\u011flanmaktad\u0131r. Sanjet A.\u015e taraf\u0131ndan reg\u00fcle edilip kullan\u0131m\u0131m\u0131za sunulan \u00a0bu g\u00fcvenilir, yenilenebilir,\u00e7evre dostu enerji kayna\u011f\u0131 sayesinde seram\u0131z ve civar\u0131nda karbon kirli\u011fi bulunmamaktad\u0131r. [\/vc_column_text][\/vc_column][\/vc_row]<\/p>\n","protected":false},"author":1,"featured_media":0,"parent":0,"menu_order":0,"comment_status":"closed","ping_status":"closed","template":"","meta":{"pgc_sgb_lightbox_settings":"","footnotes":""},"class_list":["post-881","page","type-page","status-publish","hentry"],"_links":{"self":[{"href":"https:\/\/tezulas-berrynova.com\/index.php?rest_route=\/wp\/v2\/pages\/881","targetHints":{"allow":["GET"]}}],"collection":[{"href":"https:\/\/tezulas-berrynova.com\/index.php?rest_route=\/wp\/v2\/pages"}],"about":[{"href":"https:\/\/tezulas-berrynova.com\/index.php?rest_route=\/wp\/v2\/types\/page"}],"author":[{"embeddable":true,"href":"https:\/\/tezulas-berrynova.com\/index.php?rest_route=\/wp\/v2\/users\/1"}],"replies":[{"embeddable":true,"href":"https:\/\/tezulas-berrynova.com\/index.php?rest_route=%2Fwp%2Fv2%2Fcomments&post=881"}],"version-history":[{"count":7,"href":"https:\/\/tezulas-berrynova.com\/index.php?rest_route=\/wp\/v2\/pages\/881\/revisions"}],"predecessor-version":[{"id":1023,"href":"https:\/\/tezulas-berrynova.com\/index.php?rest_route=\/wp\/v2\/pages\/881\/revisions\/1023"}],"wp:attachment":[{"href":"https:\/\/tezulas-berrynova.com\/index.php?rest_route=%2Fwp%2Fv2%2Fmedia&parent=881"}],"curies":[{"name":"wp","href":"https:\/\/api.w.org\/{rel}","templated":true}]}}