{"id":884,"date":"2023-05-29T15:54:23","date_gmt":"2023-05-29T12:54:23","guid":{"rendered":"https:\/\/tezulas-berrynova.com\/?page_id=884"},"modified":"2023-06-19T17:54:52","modified_gmt":"2023-06-19T14:54:52","slug":"biyolojik-mucadele","status":"publish","type":"page","link":"https:\/\/tezulas-berrynova.com\/?page_id=884","title":{"rendered":"B\u0130YOLOJ\u0130K M\u00dcCADELE"},"content":{"rendered":"<p>[vc_row][vc_column width=&#8221;1\/2&#8243;][vc_single_image image=&#8221;938&#8243; img_size=&#8221;full&#8221; alignment=&#8221;center&#8221; style=&#8221;vc_box_outline&#8221; border_color=&#8221;juicy_pink&#8221; css_animation=&#8221;fadeInLeft&#8221;][\/vc_column][vc_column width=&#8221;1\/2&#8243;][vc_column_text css_animation=&#8221;fadeInRight&#8221;]<\/p>\n<h4><span style=\"color: #000000;\">Seram\u0131zda mevcut zararl\u0131larla m\u00fccadelede kimyasal ila\u00e7 yerine daha \u00e7ok zararl\u0131 pop\u00fclasyonunu azaltacak di\u011fer canl\u0131lardan yararlan\u0131lmaktad\u0131r. Sera ortam\u0131na b\u0131rak\u0131lan ve beyazsinek ile tuta absoluta\u2019n\u0131n yumurta ve larvalar\u0131 ile beslenen Nesidiocoris tenius \u00a0isimli faydal\u0131 b\u00f6cekler ekosistemimizin korunmas\u0131na b\u00fcy\u00fck katk\u0131da bulunmaktad\u0131rlar.<\/span><\/h4>\n<h4><\/h4>\n<p>[\/vc_column_text][\/vc_column][\/vc_row]<\/p>","protected":false},"excerpt":{"rendered":"<p>[vc_row][vc_column width=&#8221;1\/2&#8243;][vc_single_image image=&#8221;938&#8243; img_size=&#8221;full&#8221; alignment=&#8221;center&#8221; style=&#8221;vc_box_outline&#8221; border_color=&#8221;juicy_pink&#8221; css_animation=&#8221;fadeInLeft&#8221;][\/vc_column][vc_column width=&#8221;1\/2&#8243;][vc_column_text css_animation=&#8221;fadeInRight&#8221;] Seram\u0131zda mevcut zararl\u0131larla m\u00fccadelede kimyasal ila\u00e7 yerine daha \u00e7ok zararl\u0131 pop\u00fclasyonunu azaltacak di\u011fer canl\u0131lardan yararlan\u0131lmaktad\u0131r. Sera ortam\u0131na b\u0131rak\u0131lan ve beyazsinek ile tuta absoluta\u2019n\u0131n yumurta ve larvalar\u0131 ile beslenen Nesidiocoris tenius&#8230;<\/p>\n","protected":false},"author":1,"featured_media":0,"parent":0,"menu_order":0,"comment_status":"closed","ping_status":"closed","template":"","meta":{"pgc_sgb_lightbox_settings":"","footnotes":""},"class_list":["post-884","page","type-page","status-publish","hentry"],"_links":{"self":[{"href":"https:\/\/tezulas-berrynova.com\/index.php?rest_route=\/wp\/v2\/pages\/884","targetHints":{"allow":["GET"]}}],"collection":[{"href":"https:\/\/tezulas-berrynova.com\/index.php?rest_route=\/wp\/v2\/pages"}],"about":[{"href":"https:\/\/tezulas-berrynova.com\/index.php?rest_route=\/wp\/v2\/types\/page"}],"author":[{"embeddable":true,"href":"https:\/\/tezulas-berrynova.com\/index.php?rest_route=\/wp\/v2\/users\/1"}],"replies":[{"embeddable":true,"href":"https:\/\/tezulas-berrynova.com\/index.php?rest_route=%2Fwp%2Fv2%2Fcomments&post=884"}],"version-history":[{"count":8,"href":"https:\/\/tezulas-berrynova.com\/index.php?rest_route=\/wp\/v2\/pages\/884\/revisions"}],"predecessor-version":[{"id":1025,"href":"https:\/\/tezulas-berrynova.com\/index.php?rest_route=\/wp\/v2\/pages\/884\/revisions\/1025"}],"wp:attachment":[{"href":"https:\/\/tezulas-berrynova.com\/index.php?rest_route=%2Fwp%2Fv2%2Fmedia&parent=884"}],"curies":[{"name":"wp","href":"https:\/\/api.w.org\/{rel}","templated":true}]}}